{"id":3904,"date":"2022-04-03T18:28:35","date_gmt":"2022-04-03T09:28:35","guid":{"rendered":"https:\/\/salmon.co.jp\/hokkaibanya\/?page_id=3904"},"modified":"2022-04-25T01:19:53","modified_gmt":"2022-04-24T16:19:53","slug":"menu-2","status":"publish","type":"page","link":"https:\/\/salmon.co.jp\/hokkaibanya\/en\/menu-2\/","title":{"rendered":"Menu"},"content":{"rendered":"<div class=\"wideimage_menu\">\n<h1>Menu<\/h1>\n<\/div>\n<p class=\"wideimage_copy_small\">\u203bThe photograph is Serving suggestion.<\/p>\n<div id=\"container_bussiness\">\n<div class=\"container2\">\n<div class=\"space30px\"><\/div>\n<div class=\"space30px\"><\/div>\n<div id=\"kaisendon\" class=\"anchor\"><\/div>\n<div class=\"box17\">Kaisen-don<\/div>\n<div class=\"space30px\"><\/div>\n<p class=\"menucopy\">We will&nbsp; provide fish and shellfish carefully selected from all over the world and Toyosu Market.<\/p>\n<div class=\"menuitems\">\n<div class=\"menuitem\"><a href=\"https:\/\/salmon.co.jp\/hokkaibanya\/wp-content\/uploads\/2022\/03\/\u3044\u304f\u3089_1140567-3.jpg\"><img loading=\"lazy\" decoding=\"async\" src=\"https:\/\/salmon.co.jp\/hokkaibanya\/wp-content\/uploads\/2022\/03\/\u3044\u304f\u3089_1140567-3.jpg\" alt=\"\" width=\"1800\" height=\"1600\" class=\"alignnone size-full wp-image-3290\" srcset=\"https:\/\/salmon.co.jp\/hokkaibanya\/wp-content\/uploads\/2022\/03\/\u3044\u304f\u3089_1140567-3.jpg 1800w, https:\/\/salmon.co.jp\/hokkaibanya\/wp-content\/uploads\/2022\/03\/\u3044\u304f\u3089_1140567-3-300x267.jpg 300w, https:\/\/salmon.co.jp\/hokkaibanya\/wp-content\/uploads\/2022\/03\/\u3044\u304f\u3089_1140567-3-1024x910.jpg 1024w, https:\/\/salmon.co.jp\/hokkaibanya\/wp-content\/uploads\/2022\/03\/\u3044\u304f\u3089_1140567-3-768x683.jpg 768w, https:\/\/salmon.co.jp\/hokkaibanya\/wp-content\/uploads\/2022\/03\/\u3044\u304f\u3089_1140567-3-1536x1365.jpg 1536w\" sizes=\"auto, (max-width: 1800px) 100vw, 1800px\" \/><\/a><\/p>\n<h3>Ikura don<\/h3>\n<\/div>\n<div class=\"menuitem\"><a href=\"https:\/\/paradoxtokyo.com\/banya_test\/wp-content\/uploads\/2022\/03\/\u3046\u306b_1140569-2.jpg\"><img loading=\"lazy\" decoding=\"async\" src=\"https:\/\/paradoxtokyo.com\/banya_test\/wp-content\/uploads\/2022\/03\/\u3046\u306b_1140569-2-600x533.jpg\" alt=\"\" width=\"600\" height=\"533\" class=\"alignnone size-medium wp-image-3100\"><\/a><\/p>\n<h3>Uni don<\/h3>\n<\/div>\n<div class=\"menuitem\"><a href=\"https:\/\/paradoxtokyo.com\/banya_test\/wp-content\/uploads\/2022\/03\/\u8d64\u8eab_1140537-2-1.jpg\"><img loading=\"lazy\" decoding=\"async\" src=\"https:\/\/paradoxtokyo.com\/banya_test\/wp-content\/uploads\/2022\/03\/\u8d64\u8eab_1140537-2-1-600x533.jpg\" alt=\"\" width=\"600\" height=\"533\" class=\"alignnone size-medium wp-image-3124\"><\/a><\/p>\n<h3>Maguro akami don<\/h3>\n<\/div>\n<div class=\"menuitem\"><a href=\"https:\/\/paradoxtokyo.com\/banya_test\/wp-content\/uploads\/2022\/03\/\u3044\u304f\u3089\u3001\u3046\u306b_1140563.jpg\"><img loading=\"lazy\" decoding=\"async\" src=\"https:\/\/paradoxtokyo.com\/banya_test\/wp-content\/uploads\/2022\/03\/\u3044\u304f\u3089\u3001\u3046\u306b_1140563-600x533.jpg\" alt=\"\" width=\"600\" height=\"533\" class=\"alignnone size-medium wp-image-3168\"><\/a><\/p>\n<h3>Uni ikura don<\/h3>\n<\/div>\n<div class=\"menuitem\"><a href=\"https:\/\/paradoxtokyo.com\/banya_test\/wp-content\/uploads\/2022\/03\/\u3044\u304f\u3089\u3001\u307e\u304f\u3099\u308d_1140540.jpg\"><img loading=\"lazy\" decoding=\"async\" src=\"https:\/\/paradoxtokyo.com\/banya_test\/wp-content\/uploads\/2022\/03\/\u3044\u304f\u3089\u3001\u307e\u304f\u3099\u308d_1140540-600x533.jpg\" alt=\"\" width=\"600\" height=\"533\" class=\"alignnone size-medium wp-image-3110\"><\/a><\/p>\n<h3>Toro ikura akami don<\/h3>\n<\/div>\n<div class=\"menuitem\"><a href=\"https:\/\/paradoxtokyo.com\/banya_test\/wp-content\/uploads\/2022\/03\/\u3046\u306b\u3001\u307e\u304f\u3099\u308d_1140556.jpg\"><img loading=\"lazy\" decoding=\"async\" src=\"https:\/\/paradoxtokyo.com\/banya_test\/wp-content\/uploads\/2022\/03\/\u3046\u306b\u3001\u307e\u304f\u3099\u308d_1140556-600x533.jpg\" alt=\"\" width=\"600\" height=\"533\" class=\"alignnone size-medium wp-image-3113\"><\/a><\/p>\n<h3>Uni toro akami don<\/h3>\n<\/div>\n<div class=\"menuitem\"><a href=\"https:\/\/paradoxtokyo.com\/banya_test\/wp-content\/uploads\/2022\/03\/\u3044\u304f\u3089\u3001\u30b5\u30fc\u30e2\u30f3_1140532.jpg\"><img loading=\"lazy\" decoding=\"async\" src=\"https:\/\/paradoxtokyo.com\/banya_test\/wp-content\/uploads\/2022\/03\/\u3044\u304f\u3089\u3001\u30b5\u30fc\u30e2\u30f3_1140532-600x533.jpg\" alt=\"\" width=\"600\" height=\"533\" class=\"alignnone size-medium wp-image-3106\"><\/a><\/p>\n<h3>Salmon ikura don<\/h3>\n<\/div>\n<div class=\"menuitem\"><a href=\"https:\/\/paradoxtokyo.com\/banya_test\/wp-content\/uploads\/2022\/03\/\u3044\u304f\u3089\u3001\u304b\u306b_1140538.jpg\"><img loading=\"lazy\" decoding=\"async\" src=\"https:\/\/paradoxtokyo.com\/banya_test\/wp-content\/uploads\/2022\/03\/\u3044\u304f\u3089\u3001\u304b\u306b_1140538-600x533.jpg\" alt=\"\" width=\"600\" height=\"533\" class=\"alignnone size-medium wp-image-3104\"><\/a><\/p>\n<h3>Kani ikura don<\/h3>\n<\/div>\n<div class=\"menuitem\"><a href=\"https:\/\/paradoxtokyo.com\/banya_test\/wp-content\/uploads\/2022\/03\/\u3044\u304f\u3089\u3001\u307b\u305f\u3066_1140565.jpg\"><img loading=\"lazy\" decoding=\"async\" src=\"https:\/\/paradoxtokyo.com\/banya_test\/wp-content\/uploads\/2022\/03\/\u3044\u304f\u3089\u3001\u307b\u305f\u3066_1140565-600x533.jpg\" alt=\"\" width=\"600\" height=\"533\" class=\"alignnone size-medium wp-image-3109\"><\/a><\/p>\n<h3>Hotate ikura don<\/h3>\n<\/div>\n<div class=\"menuitem\"><a href=\"https:\/\/paradoxtokyo.com\/banya_test\/wp-content\/uploads\/2022\/03\/\u30b5\u30fc\u30e2\u30f3\u3001\u3057\u3089\u3059_1140544.jpg\"><img loading=\"lazy\" decoding=\"async\" src=\"https:\/\/paradoxtokyo.com\/banya_test\/wp-content\/uploads\/2022\/03\/\u30b5\u30fc\u30e2\u30f3\u3001\u3057\u3089\u3059_1140544-600x533.jpg\" alt=\"\" width=\"600\" height=\"533\" class=\"alignnone size-medium wp-image-3115\"><\/a><\/p>\n<h3>Salmon shirasu don<\/h3>\n<\/div>\n<div class=\"menuitem\"><a href=\"https:\/\/paradoxtokyo.com\/banya_test\/wp-content\/uploads\/2022\/03\/\u307e\u304f\u3099\u308d\u3001\u3057\u3089\u3059_1140553.jpg\"><img loading=\"lazy\" decoding=\"async\" src=\"https:\/\/paradoxtokyo.com\/banya_test\/wp-content\/uploads\/2022\/03\/\u307e\u304f\u3099\u308d\u3001\u3057\u3089\u3059_1140553-600x533.jpg\" alt=\"\" width=\"600\" height=\"533\" class=\"alignnone size-medium wp-image-3118\"><\/a><\/p>\n<h3>Akami Shirasu don<\/h3>\n<\/div>\n<div class=\"menuitem\"><a href=\"https:\/\/paradoxtokyo.com\/banya_test\/wp-content\/uploads\/2022\/03\/\u307e\u304f\u3099\u308d\u3001\u30b5\u30fc\u30e2\u30f3_1140534.jpg\"><img loading=\"lazy\" decoding=\"async\" src=\"https:\/\/paradoxtokyo.com\/banya_test\/wp-content\/uploads\/2022\/03\/\u307e\u304f\u3099\u308d\u3001\u30b5\u30fc\u30e2\u30f3_1140534-600x533.jpg\" alt=\"\" width=\"600\" height=\"533\" class=\"alignnone size-medium wp-image-3117\"><\/a><\/p>\n<h3>Toro akami salmon don<\/h3>\n<\/div>\n<div class=\"menuitem\"><a href=\"https:\/\/paradoxtokyo.com\/banya_test\/wp-content\/uploads\/2022\/03\/\u3044\u304f\u3089\u3001\u3057\u3089\u3059_1140539.jpg\"><img loading=\"lazy\" decoding=\"async\" src=\"https:\/\/paradoxtokyo.com\/banya_test\/wp-content\/uploads\/2022\/03\/\u3044\u304f\u3089\u3001\u3057\u3089\u3059_1140539-600x533.jpg\" alt=\"\" width=\"600\" height=\"533\" class=\"alignnone size-medium wp-image-3108\"><\/a><\/p>\n<h3>ikura shirasu don<\/h3>\n<\/div>\n<div class=\"menuitem\"><a href=\"https:\/\/paradoxtokyo.com\/banya_test\/wp-content\/uploads\/2022\/03\/\u30b5\u30fc\u30e2\u30f3\u3001\u307b\u305f\u3066_1140570.jpg\"><img loading=\"lazy\" decoding=\"async\" src=\"https:\/\/paradoxtokyo.com\/banya_test\/wp-content\/uploads\/2022\/03\/\u30b5\u30fc\u30e2\u30f3\u3001\u307b\u305f\u3066_1140570-600x533.jpg\" alt=\"\" width=\"600\" height=\"533\" class=\"alignnone size-medium wp-image-3116\"><\/a><\/p>\n<h3>Hotate salmon don<\/h3>\n<\/div>\n<div class=\"menuitem\"><a href=\"https:\/\/paradoxtokyo.com\/banya_test\/wp-content\/uploads\/2022\/03\/\u304b\u306b\u3001\u3057\u3089\u3059_1140573.jpg\"><img loading=\"lazy\" decoding=\"async\" src=\"https:\/\/paradoxtokyo.com\/banya_test\/wp-content\/uploads\/2022\/03\/\u304b\u306b\u3001\u3057\u3089\u3059_1140573-600x533.jpg\" alt=\"\" width=\"600\" height=\"533\" class=\"alignnone size-medium wp-image-3114\"><\/a><\/p>\n<h3>Kani shirasu don<\/h3>\n<\/div>\n<div class=\"menuitem\"><a href=\"https:\/\/paradoxtokyo.com\/banya_test\/wp-content\/uploads\/2022\/03\/\u3046\u306b\u3001\u3044\u304f\u3089\u3001\u304b\u306b1140529.jpg\"><img loading=\"lazy\" decoding=\"async\" src=\"https:\/\/paradoxtokyo.com\/banya_test\/wp-content\/uploads\/2022\/03\/\u3046\u306b\u3001\u3044\u304f\u3089\u3001\u304b\u306b1140529-600x533.jpg\" alt=\"\" width=\"600\" height=\"533\" class=\"alignnone size-medium wp-image-3112\"><\/a><\/p>\n<h3>Hokkai sanmi don<\/h3>\n<\/div>\n<div class=\"menuitem\"><a href=\"https:\/\/paradoxtokyo.com\/banya_test\/wp-content\/uploads\/2022\/03\/\u3044\u304f\u3089\u3001\u304b\u306b\u3001\u30b5\u30fc\u30e2\u30f3_1140546.jpg\"><img loading=\"lazy\" decoding=\"async\" src=\"https:\/\/paradoxtokyo.com\/banya_test\/wp-content\/uploads\/2022\/03\/\u3044\u304f\u3089\u3001\u304b\u306b\u3001\u30b5\u30fc\u30e2\u30f3_1140546-600x533.jpg\" alt=\"\" width=\"600\" height=\"533\" class=\"alignnone size-medium wp-image-3105\"><\/a><\/p>\n<h3>Aaurora&nbsp;salmon&nbsp; don<\/h3>\n<\/div>\n<div class=\"menuitem\"><a href=\"https:\/\/paradoxtokyo.com\/banya_test\/wp-content\/uploads\/2022\/03\/\u3046\u306b\u3001\u3044\u304f\u3089\u3001\u304b\u306b\u3001\u307e\u304f\u3099\u308d\u3001\u30b5\u30fc\u30e2\u30f3_1140531.jpg\"><img loading=\"lazy\" decoding=\"async\" src=\"https:\/\/paradoxtokyo.com\/banya_test\/wp-content\/uploads\/2022\/03\/\u3046\u306b\u3001\u3044\u304f\u3089\u3001\u304b\u306b\u3001\u307e\u304f\u3099\u308d\u3001\u30b5\u30fc\u30e2\u30f3_1140531-600x533.jpg\" alt=\"\" width=\"600\" height=\"533\" class=\"alignnone size-medium wp-image-3111\"><\/a><\/p>\n<h3>Goshoku don<\/h3>\n<\/div>\n<div class=\"menuitem\"><a href=\"https:\/\/paradoxtokyo.com\/banya_test\/wp-content\/uploads\/2022\/03\/\u3044\u304f\u3089\u3001\u30b5\u30fc\u30e2\u30f3\u3001\u9bdb_1140572.jpg\"><img loading=\"lazy\" decoding=\"async\" src=\"https:\/\/paradoxtokyo.com\/banya_test\/wp-content\/uploads\/2022\/03\/\u3044\u304f\u3089\u3001\u30b5\u30fc\u30e2\u30f3\u3001\u9bdb_1140572-600x533.jpg\" alt=\"\" width=\"600\" height=\"533\" class=\"alignnone size-medium wp-image-3107\"><\/a><\/p>\n<h3>Tai ikura salmon don<\/h3>\n<\/div>\n<div class=\"menuitem\"><a href=\"https:\/\/paradoxtokyo.com\/banya_test\/wp-content\/uploads\/2022\/03\/\u3044\u304f\u3089\u3001\u3046\u306b\u3001\u3048\u3072\u3099\u3001\u307b\u305f\u3066A_1140547.jpg\"><img loading=\"lazy\" decoding=\"async\" src=\"https:\/\/paradoxtokyo.com\/banya_test\/wp-content\/uploads\/2022\/03\/\u3044\u304f\u3089\u3001\u3046\u306b\u3001\u3048\u3072\u3099\u3001\u307b\u305f\u3066A_1140547-600x533.jpg\" alt=\"\" width=\"600\" height=\"533\" class=\"alignnone size-medium wp-image-3103\"><\/a><\/p>\n<h3>Hokkai don<\/h3>\n<\/div>\n<\/div>\n<div class=\"space100px\"><\/div>\n<div id=\"hamayaki\" class=\"anchor\"><\/div>\n<div class=\"box17\">\n<p>Seafood barbecue<\/p>\n<\/div>\n<div class=\"space30px\"><\/div>\n<p class=\"menucopy\">You can enjoy grilling your favorite seafood at your seat<\/p>\n<div class=\"menuitems\">\n<div class=\"menuitem\"><a href=\"https:\/\/paradoxtokyo.com\/banya_test\/wp-content\/uploads\/2022\/03\/amiyaki.jpg\"><img loading=\"lazy\" decoding=\"async\" src=\"https:\/\/paradoxtokyo.com\/banya_test\/wp-content\/uploads\/2022\/03\/amiyaki-600x417.jpg\" alt=\"\" width=\"600\" height=\"417\" class=\"alignnone wp-image-2869 size-medium\"><\/a><\/p>\n<h3>Hotate<\/h3>\n<\/div>\n<div class=\"menuitem\"><a href=\"https:\/\/paradoxtokyo.com\/banya_test\/wp-content\/uploads\/2022\/03\/amiyaki3.jpg\"><img loading=\"lazy\" decoding=\"async\" src=\"https:\/\/paradoxtokyo.com\/banya_test\/wp-content\/uploads\/2022\/03\/amiyaki3-600x417.jpg\" alt=\"\" width=\"600\" height=\"417\" class=\"alignnone wp-image-2867 size-medium\"><\/a><\/p>\n<h3>Kaki<\/h3>\n<\/div>\n<div class=\"menuitem\"><a href=\"https:\/\/paradoxtokyo.com\/banya_test\/wp-content\/uploads\/2022\/03\/amiyaki2.jpg\"><img loading=\"lazy\" decoding=\"async\" src=\"https:\/\/paradoxtokyo.com\/banya_test\/wp-content\/uploads\/2022\/03\/amiyaki2-600x417.jpg\" alt=\"\" width=\"600\" height=\"417\" class=\"alignnone wp-image-2868 size-medium\"><\/a><\/p>\n<h3>Hokki<\/h3>\n<\/div>\n<div class=\"menuitem\"><a href=\"https:\/\/paradoxtokyo.com\/banya_test\/wp-content\/uploads\/2022\/03\/amiyaki_taraba.jpg\"><img loading=\"lazy\" decoding=\"async\" src=\"https:\/\/paradoxtokyo.com\/banya_test\/wp-content\/uploads\/2022\/03\/amiyaki_taraba-600x417.jpg\" alt=\"\" width=\"600\" height=\"417\" class=\"alignnone wp-image-3206 size-medium\"><\/a><\/p>\n<h3>Tarabagani<\/h3>\n<div id=\"kaisendon\"><\/div>\n<\/div>\n<\/div>\n<div id=\"kaisendon\"><\/div>\n<div class=\"space100px\"><\/div>\n<div id=\"alacarte\" class=\"anchor\"><\/div>\n<div class=\"box17\">A la carte<\/div>\n<div class=\"space30px\"><\/div>\n<p class=\"menucopy\">Enjoy the delicious seasonal flavors of fish<\/p>\n<div class=\"menuitems\">\n<div class=\"menuitem\"><a href=\"https:\/\/paradoxtokyo.com\/banya_test\/wp-content\/uploads\/2022\/03\/\u523a\u8eab_\u307e\u304f\u3099\u308d_1140580_1800.jpg\"><img loading=\"lazy\" decoding=\"async\" src=\"https:\/\/paradoxtokyo.com\/banya_test\/wp-content\/uploads\/2022\/03\/\u523a\u8eab_\u307e\u304f\u3099\u308d_1140580_1800-600x450.jpg\" alt=\"\" width=\"600\" height=\"450\" class=\"alignnone wp-image-2836 size-medium\"><\/a><\/p>\n<h3>Tennen mguro akami sashimi<\/h3>\n<\/div>\n<div class=\"menuitem\"><a href=\"https:\/\/paradoxtokyo.com\/banya_test\/wp-content\/uploads\/2022\/03\/\u523a\u8eab_\u3068\u308d_1800-1.jpg\"><img loading=\"lazy\" decoding=\"async\" src=\"https:\/\/paradoxtokyo.com\/banya_test\/wp-content\/uploads\/2022\/03\/\u523a\u8eab_\u3068\u308d_1800-1-600x450.jpg\" alt=\"\" width=\"600\" height=\"450\" class=\"alignnone wp-image-2827 size-medium\"><\/a><\/p>\n<h3>Tennen mguro toro sashimi<\/h3>\n<\/div>\n<div class=\"menuitem\"><a href=\"https:\/\/paradoxtokyo.com\/banya_test\/wp-content\/uploads\/2022\/03\/\u523a\u8eab_\u30b5\u30fc\u30e2\u30f3_1140575_1800.jpg\"><img loading=\"lazy\" decoding=\"async\" src=\"https:\/\/paradoxtokyo.com\/banya_test\/wp-content\/uploads\/2022\/03\/\u523a\u8eab_\u30b5\u30fc\u30e2\u30f3_1140575_1800-600x450.jpg\" alt=\"\" width=\"600\" height=\"450\" class=\"alignnone wp-image-2835 size-medium\"><\/a><\/p>\n<h3>Salmon sashimi<\/h3>\n<\/div>\n<div class=\"menuitem\"><a href=\"https:\/\/paradoxtokyo.com\/banya_test\/wp-content\/uploads\/2022\/03\/\u523a\u8eab_\u9bdb_1140583_1800.jpg\"><img loading=\"lazy\" decoding=\"async\" src=\"https:\/\/paradoxtokyo.com\/banya_test\/wp-content\/uploads\/2022\/03\/\u523a\u8eab_\u9bdb_1140583_1800-600x450.jpg\" alt=\"\" width=\"600\" height=\"450\" class=\"alignnone wp-image-2828 size-medium\"><\/a><\/p>\n<h3>Madai sashimi<\/h3>\n<\/div>\n<div class=\"menuitem\"><a href=\"https:\/\/paradoxtokyo.com\/banya_test\/wp-content\/uploads\/2022\/03\/\u523a\u8eab_3\u7a2e_1140601_1800.jpg\"><img loading=\"lazy\" decoding=\"async\" src=\"https:\/\/paradoxtokyo.com\/banya_test\/wp-content\/uploads\/2022\/03\/\u523a\u8eab_3\u7a2e_1140601_1800-600x450.jpg\" alt=\"\" width=\"600\" height=\"450\" class=\"alignnone wp-image-2831 size-medium\"><\/a><\/p>\n<h3>3shu Sashimi<\/h3>\n<\/div>\n<div class=\"menuitem\"><a href=\"https:\/\/paradoxtokyo.com\/banya_test\/wp-content\/uploads\/2022\/03\/\u523a\u8eab_\u3048\u3072\u3099_1140603_1800.jpg\"><img loading=\"lazy\" decoding=\"async\" src=\"https:\/\/paradoxtokyo.com\/banya_test\/wp-content\/uploads\/2022\/03\/\u523a\u8eab_\u3048\u3072\u3099_1140603_1800-600x450.jpg\" alt=\"\" width=\"600\" height=\"450\" class=\"alignnone wp-image-2833 size-medium\"><\/a><\/p>\n<h3>Botanebi sashimi<\/h3>\n<\/div>\n<div class=\"menuitem\"><a href=\"https:\/\/paradoxtokyo.com\/banya_test\/wp-content\/uploads\/2022\/03\/\u523a\u8eab_5\u7a2e_1140587_1800.jpg\"><img loading=\"lazy\" decoding=\"async\" src=\"https:\/\/paradoxtokyo.com\/banya_test\/wp-content\/uploads\/2022\/03\/\u523a\u8eab_5\u7a2e_1140587_1800-600x450.jpg\" alt=\"\" width=\"600\" height=\"450\" class=\"alignnone wp-image-2832 size-medium\"><\/a><\/p>\n<h3>5shu sashimi<\/h3>\n<\/div>\n<div class=\"menuitem\"><a href=\"https:\/\/salmon.co.jp\/hokkaibanya\/wp-content\/uploads\/2022\/03\/\u523a\u8eab_\uff18\u7a2e\u985e_1140595.jpg\"><img loading=\"lazy\" decoding=\"async\" src=\"https:\/\/salmon.co.jp\/hokkaibanya\/wp-content\/uploads\/2022\/03\/\u523a\u8eab_\uff18\u7a2e\u985e_1140595-1024x768.jpg\" alt=\"\" width=\"600\" height=\"450\" class=\"alignnone size-large wp-image-3384\" srcset=\"https:\/\/salmon.co.jp\/hokkaibanya\/wp-content\/uploads\/2022\/03\/\u523a\u8eab_\uff18\u7a2e\u985e_1140595-1024x768.jpg 1024w, https:\/\/salmon.co.jp\/hokkaibanya\/wp-content\/uploads\/2022\/03\/\u523a\u8eab_\uff18\u7a2e\u985e_1140595-300x225.jpg 300w, https:\/\/salmon.co.jp\/hokkaibanya\/wp-content\/uploads\/2022\/03\/\u523a\u8eab_\uff18\u7a2e\u985e_1140595-768x576.jpg 768w, https:\/\/salmon.co.jp\/hokkaibanya\/wp-content\/uploads\/2022\/03\/\u523a\u8eab_\uff18\u7a2e\u985e_1140595.jpg 1200w\" sizes=\"auto, (max-width: 600px) 100vw, 600px\" \/><\/a><\/p>\n<h3>8shu sashimi<\/h3>\n<\/div>\n<\/div>\n<div class=\"space100px\"><\/div>\n<div id=\"enkai\" class=\"anchor\"><\/div>\n<div class=\"box17\">Banquet<\/div>\n<div class=\"space30px\"><\/div>\n<p class=\"menucopy\">We accept banquets for up to 50 people.Please contact us for more information to staff<\/p>\n<div class=\"menuitems\">\n<div class=\"menuitem\"><a href=\"https:\/\/salmon.co.jp\/hokkaibanya\/wp-content\/uploads\/2022\/03\/enkai2.jpg\"><img loading=\"lazy\" decoding=\"async\" src=\"https:\/\/salmon.co.jp\/hokkaibanya\/wp-content\/uploads\/2022\/03\/enkai2-300x208.jpg\" alt=\"\" width=\"300\" height=\"208\" class=\"alignnone wp-image-3285 size-medium\" srcset=\"https:\/\/salmon.co.jp\/hokkaibanya\/wp-content\/uploads\/2022\/03\/enkai2-300x208.jpg 300w, https:\/\/salmon.co.jp\/hokkaibanya\/wp-content\/uploads\/2022\/03\/enkai2-1024x711.jpg 1024w, https:\/\/salmon.co.jp\/hokkaibanya\/wp-content\/uploads\/2022\/03\/enkai2-768x533.jpg 768w, https:\/\/salmon.co.jp\/hokkaibanya\/wp-content\/uploads\/2022\/03\/enkai2-1536x1067.jpg 1536w, https:\/\/salmon.co.jp\/hokkaibanya\/wp-content\/uploads\/2022\/03\/enkai2.jpg 1800w\" sizes=\"auto, (max-width: 300px) 100vw, 300px\" \/><\/a><\/p>\n<h3>Banquet<\/h3>\n<p>We accept cooking, all-you-can-drink plans, etc. according to the number of people and budget.<\/p>\n<\/div>\n<div class=\"menuitem\"><a href=\"https:\/\/salmon.co.jp\/hokkaibanya\/wp-content\/uploads\/2022\/03\/enkai-1.jpg\"><img loading=\"lazy\" decoding=\"async\" src=\"https:\/\/salmon.co.jp\/hokkaibanya\/wp-content\/uploads\/2022\/03\/enkai-1-300x208.jpg\" alt=\"\" width=\"300\" height=\"208\" class=\"alignnone wp-image-3282 size-medium\" srcset=\"https:\/\/salmon.co.jp\/hokkaibanya\/wp-content\/uploads\/2022\/03\/enkai-1-300x208.jpg 300w, https:\/\/salmon.co.jp\/hokkaibanya\/wp-content\/uploads\/2022\/03\/enkai-1-1024x711.jpg 1024w, https:\/\/salmon.co.jp\/hokkaibanya\/wp-content\/uploads\/2022\/03\/enkai-1-768x533.jpg 768w, https:\/\/salmon.co.jp\/hokkaibanya\/wp-content\/uploads\/2022\/03\/enkai-1-1536x1067.jpg 1536w, https:\/\/salmon.co.jp\/hokkaibanya\/wp-content\/uploads\/2022\/03\/enkai-1.jpg 1800w\" sizes=\"auto, (max-width: 300px) 100vw, 300px\" \/><\/a><\/p>\n<h3>Asoorted sashimi<\/h3>\n<\/div>\n<\/div>\n<h3 class=\"space30px\"><\/h3>\n<div class=\"space30px\"><\/div>\n<div class=\"box17\">Drink menu<\/div>\n<div class=\"space30px\"><\/div>\n<div class=\"space30px\"><\/div>\n<table class=\"menu1\">\n<tbody>\n<tr>\n<th colspan=\"3\">Beer<\/th>\n<\/tr>\n<tr>\n<td class=\"col1\">Asahi Super Dry Extra Cord<\/td>\n<td class=\"col2\">720ml<\/td>\n<td class=\"col3\">\u00a5770<\/td>\n<\/tr>\n<tr>\n<td class=\"col1\"><span>Asahi Super Dry (Middle Mug\uff09<\/span><\/td>\n<td class=\"col2\"><\/td>\n<td class=\"col3\">\u00a5660<\/td>\n<\/tr>\n<tr>\n<td class=\"col1\">Asahi Super Dry (medium bottle)<\/td>\n<td class=\"col2\">500ml<\/td>\n<td class=\"col3\">\u00a5660<\/td>\n<\/tr>\n<tr>\n<td class=\"col1\">Asahi Dry Zero Non-alcoholic (small bottle)<\/td>\n<td class=\"col2\">334ml<\/td>\n<td class=\"col3\">\u00a5440<\/td>\n<\/tr>\n<\/tbody>\n<\/table>\n<div class=\"space30px\"><\/div>\n<div class=\"space30px\"><\/div>\n<table class=\"menu1\">\n<tbody>\n<tr>\n<th colspan=\"3\">Highball, chuhai, sour<\/th>\n<\/tr>\n<tr>\n<td class=\"col1\"><span>Yamazaki premium highball<\/span><\/td>\n<td class=\"col2\"><\/td>\n<td class=\"col3\">\u00a5880<\/td>\n<\/tr>\n<tr>\n<td class=\"col1\">Hoppy white shochu split<\/td>\n<td class=\"col2\"><\/td>\n<td class=\"col3\">\u00a5605<\/td>\n<\/tr>\n<tr>\n<td class=\"col1\"><span>Lemon sour<\/span><\/td>\n<td class=\"col2\"><\/td>\n<td class=\"col3\">\u00a5550<\/td>\n<\/tr>\n<tr>\n<td class=\"col1\">Ume sour<\/td>\n<td class=\"col2\"><\/td>\n<td class=\"col3\">\u00a5550<\/td>\n<\/tr>\n<tr>\n<td class=\"col1\"><span>Nama Ume sour<\/span><\/td>\n<td class=\"col2\"><\/td>\n<td class=\"col3\">\u00a5550<\/td>\n<\/tr>\n<tr>\n<td class=\"col1\">Woolong hai<\/td>\n<td class=\"col2\"><\/td>\n<td class=\"col3\">\u00a5660<\/td>\n<\/tr>\n<tr>\n<td class=\"col1\">Ryokucha hai<\/td>\n<td class=\"col2\"><\/td>\n<td class=\"col3\">\u00a5660<\/td>\n<\/tr>\n<tr>\n<td class=\"col1\">Cassis orange<\/td>\n<td class=\"col2\"><\/td>\n<td class=\"col3\">\u00a5660<\/td>\n<\/tr>\n<\/tbody>\n<\/table>\n<div class=\"space30px\"><\/div>\n<div class=\"space30px\"><\/div>\n<table class=\"menu1\">\n<tbody>\n<tr>\n<th colspan=\"3\">Shochu<\/th>\n<\/tr>\n<tr>\n<td class=\"col1\">Satsumabijin(imoshochu)<\/td>\n<td class=\"col2\">glass<\/td>\n<td class=\"col3\">\u00a5550<\/td>\n<\/tr>\n<tr>\n<td class=\"col1\">Nikaido\uff08mugishochu\uff09<\/td>\n<td class=\"col2\">glass<\/td>\n<td class=\"col3\">\u00a5550<\/td>\n<\/tr>\n<tr>\n<td class=\"col1\">Nikaido\uff08mugishochu\uff09(bottle)<\/td>\n<td class=\"col2\">720ml<\/td>\n<td class=\"col3\">\u00a53,300<\/td>\n<\/tr>\n<\/tbody>\n<\/table>\n<div class=\"space30px\"><\/div>\n<div class=\"space30px\"><\/div>\n<table class=\"menu1\">\n<tbody>\n<tr>\n<th colspan=\"3\">Sake<\/th>\n<\/tr>\n<tr>\n<td class=\"col1\">Dassai Junmaidaiginj\u014d<\/td>\n<td class=\"col2\">glass<\/td>\n<td class=\"col3\">\u00a51,100<\/td>\n<\/tr>\n<tr>\n<td class=\"col1\">Kikuhime\u3000tokusenjunmai<\/td>\n<td class=\"col2\">glass<\/td>\n<td class=\"col3\">\u00a5880<\/td>\n<\/tr>\n<tr>\n<td class=\"col1\">Hanagaki jyunmai<\/td>\n<td class=\"col2\">glass<\/td>\n<td class=\"col3\">\u00a5770<\/td>\n<\/tr>\n<tr>\n<td class=\"col1\">Kubota senju\u3000Tokubetsu hon j\u014dz\u014d<\/td>\n<td class=\"col2\">glass<\/td>\n<td class=\"col3\">\u00a5770<\/td>\n<\/tr>\n<tr>\n<td class=\"col1\">Ch\u014d kaku yuki okubetsu hon j\u014dz\u014d<\/td>\n<td class=\"col2\">glass<\/td>\n<td class=\"col3\">\u00a5660<\/td>\n<\/tr>\n<tr>\n<td class=\"col1\">Kirinzan karakuchi<\/td>\n<td class=\"col2\">glass<\/td>\n<td class=\"col3\">\u00a5660<\/td>\n<\/tr>\n<\/tbody>\n<\/table>\n<div class=\"space30px\"><\/div>\n<div class=\"space30px\"><\/div>\n<table class=\"menu1\">\n<tbody>\n<tr>\n<th colspan=\"3\">Wine<\/th>\n<\/tr>\n<tr>\n<td class=\"col1\">Glass Wine\uff08white\u30fbred\uff09<\/td>\n<td class=\"col2\">glass<\/td>\n<td class=\"col3\">\u00a5550<\/td>\n<\/tr>\n<tr>\n<td class=\"col1\">Bottle Wine\uff08White\u30fbred\uff09<\/td>\n<td class=\"col2\">bottle<\/td>\n<td class=\"col3\">\u00a53,300<\/td>\n<\/tr>\n<\/tbody>\n<\/table>\n<div class=\"space30px\"><\/div>\n<div class=\"space30px\"><\/div>\n<table class=\"menu1\">\n<tbody>\n<tr>\n<th colspan=\"3\">Soft drink<\/th>\n<\/tr>\n<tr>\n<td class=\"col1\">Oron cha<\/td>\n<td class=\"col2\">glass<\/td>\n<td class=\"col3\">\u00a5440<\/td>\n<\/tr>\n<tr>\n<td class=\"col1\">Orange juice<\/td>\n<td class=\"col2\">glass<\/td>\n<td class=\"col3\">\u00a5440<\/td>\n<\/tr>\n<tr><\/tr>\n<tr><\/tr>\n<tr>\n<td class=\"col1\">Cola<\/td>\n<td class=\"col2\">glass<\/td>\n<td class=\"col3\">\u00a5440<\/td>\n<\/tr>\n<tr>\n<td class=\"col1\">Dry Zero non-alcoholic beer (small bottle)<\/td>\n<td class=\"col2\">334ml<\/td>\n<td class=\"col3\">\u00a5440<\/td>\n<\/tr>\n<\/tbody>\n<\/table>\n<\/div>\n<div class=\"space30px\"><\/div>\n<div class=\"space30px\"><\/div>\n<p><!--more--><\/p>\n<p><!--more--><\/p>\n<div class=\"space30px\"><\/div>\n<div class=\"space30px\"><\/div>\n<\/div>\n","protected":false},"excerpt":{"rendered":"<p>Menu \u203bThe photograph is Serving suggestion. Kaisen-don We will&nbsp; provide fish and shellfish carefully selected from all over the world and Toyosu Market. Ikura don Uni don Maguro akami don Uni ikura don Toro ikura akami don Uni toro akami don Salmon ikura don Kani ikura don Hotate ikura don Salmon shirasu don Akami Shirasu [&hellip;]<\/p>\n","protected":false},"author":1,"featured_media":0,"parent":0,"menu_order":0,"comment_status":"closed","ping_status":"closed","template":"campanyprolife.php","meta":{"inline_featured_image":false,"_locale":"en_US","_original_post":"https:\/\/paradoxtokyo.com\/banya_test\/?page_id=2753","footnotes":""},"class_list":["post-3904","page","type-page","status-publish","hentry","en-US"],"_links":{"self":[{"href":"https:\/\/salmon.co.jp\/hokkaibanya\/wp-json\/wp\/v2\/pages\/3904","targetHints":{"allow":["GET"]}}],"collection":[{"href":"https:\/\/salmon.co.jp\/hokkaibanya\/wp-json\/wp\/v2\/pages"}],"about":[{"href":"https:\/\/salmon.co.jp\/hokkaibanya\/wp-json\/wp\/v2\/types\/page"}],"author":[{"embeddable":true,"href":"https:\/\/salmon.co.jp\/hokkaibanya\/wp-json\/wp\/v2\/users\/1"}],"replies":[{"embeddable":true,"href":"https:\/\/salmon.co.jp\/hokkaibanya\/wp-json\/wp\/v2\/comments?post=3904"}],"version-history":[{"count":7,"href":"https:\/\/salmon.co.jp\/hokkaibanya\/wp-json\/wp\/v2\/pages\/3904\/revisions"}],"predecessor-version":[{"id":4073,"href":"https:\/\/salmon.co.jp\/hokkaibanya\/wp-json\/wp\/v2\/pages\/3904\/revisions\/4073"}],"wp:attachment":[{"href":"https:\/\/salmon.co.jp\/hokkaibanya\/wp-json\/wp\/v2\/media?parent=3904"}],"curies":[{"name":"wp","href":"https:\/\/api.w.org\/{rel}","templated":true}]}}